{"id":158,"date":"2020-02-17T15:00:20","date_gmt":"2020-02-17T15:00:20","guid":{"rendered":"http:\/\/bizix.premiumthemes.in\/?page_id=158"},"modified":"2025-10-06T14:39:12","modified_gmt":"2025-10-06T14:39:12","slug":"home-1","status":"publish","type":"page","link":"https:\/\/wybicki.pl\/","title":{"rendered":"Home 1"},"content":{"rendered":"\t\t<div data-elementor-type=\"wp-page\" data-elementor-id=\"158\" class=\"elementor elementor-158\" data-elementor-settings=\"[]\">\n\t\t\t\t\t\t\t<div class=\"elementor-section-wrap\">\n\t\t\t\t\t\t\t<section class=\"elementor-section elementor-top-section elementor-element elementor-element-3d689d2 elementor-section-boxed elementor-section-height-default elementor-section-height-default\" data-id=\"3d689d2\" data-element_type=\"section\">\n\t\t\t\t\t\t<div class=\"elementor-container elementor-column-gap-default\">\n\t\t\t\t\t<div class=\"elementor-column elementor-col-100 elementor-top-column elementor-element elementor-element-23bf8c0\" data-id=\"23bf8c0\" data-element_type=\"column\">\n\t\t\t<div class=\"elementor-widget-wrap elementor-element-populated\">\n\t\t\t\t\t\t\t\t<div class=\"elementor-element elementor-element-57f39df elementor-widget elementor-widget-heading\" data-id=\"57f39df\" data-element_type=\"widget\" data-widget_type=\"heading.default\">\n\t\t\t\t<div class=\"elementor-widget-container\">\n\t\t\t<style>\/*! elementor - v3.5.5 - 03-02-2022 *\/\n.elementor-heading-title{padding:0;margin:0;line-height:1}.elementor-widget-heading .elementor-heading-title[class*=elementor-size-]>a{color:inherit;font-size:inherit;line-height:inherit}.elementor-widget-heading .elementor-heading-title.elementor-size-small{font-size:15px}.elementor-widget-heading .elementor-heading-title.elementor-size-medium{font-size:19px}.elementor-widget-heading .elementor-heading-title.elementor-size-large{font-size:29px}.elementor-widget-heading .elementor-heading-title.elementor-size-xl{font-size:39px}.elementor-widget-heading .elementor-heading-title.elementor-size-xxl{font-size:59px}<\/style><h2 class=\"elementor-heading-title elementor-size-default\">AKTUALNO\u015aCI<\/h2>\t\t<\/div>\n\t\t\t\t<\/div>\n\t\t\t\t<div class=\"elementor-element elementor-element-6b7cb40 elementor-widget elementor-widget-text-editor\" data-id=\"6b7cb40\" data-element_type=\"widget\" data-widget_type=\"text-editor.default\">\n\t\t\t\t<div class=\"elementor-widget-container\">\n\t\t\t<style>\/*! elementor - v3.5.5 - 03-02-2022 *\/\n.elementor-widget-text-editor.elementor-drop-cap-view-stacked .elementor-drop-cap{background-color:#818a91;color:#fff}.elementor-widget-text-editor.elementor-drop-cap-view-framed .elementor-drop-cap{color:#818a91;border:3px solid;background-color:transparent}.elementor-widget-text-editor:not(.elementor-drop-cap-view-default) .elementor-drop-cap{margin-top:8px}.elementor-widget-text-editor:not(.elementor-drop-cap-view-default) .elementor-drop-cap-letter{width:1em;height:1em}.elementor-widget-text-editor .elementor-drop-cap{float:left;text-align:center;line-height:1;font-size:50px}.elementor-widget-text-editor .elementor-drop-cap-letter{display:inline-block}<\/style>\t\t\t\t<p><em>03.03.2025<\/em><\/p><p><strong>Oferta JESIE\u0143 2025 ju\u017c dost\u0119pna<\/strong><\/p>\t\t\t\t\t\t<\/div>\n\t\t\t\t<\/div>\n\t\t\t\t\t<\/div>\n\t\t<\/div>\n\t\t\t\t\t\t\t<\/div>\n\t\t<\/section>\n\t\t\t\t<section class=\"elementor-section elementor-top-section elementor-element elementor-element-01ca732 elementor-section-boxed elementor-section-height-default elementor-section-height-default\" data-id=\"01ca732\" data-element_type=\"section\">\n\t\t\t\t\t\t<div class=\"elementor-container elementor-column-gap-default\">\n\t\t\t\t\t<div class=\"elementor-column elementor-col-100 elementor-top-column elementor-element elementor-element-c8cd6ab\" data-id=\"c8cd6ab\" data-element_type=\"column\">\n\t\t\t<div class=\"elementor-widget-wrap elementor-element-populated\">\n\t\t\t\t\t\t\t\t<div class=\"elementor-element elementor-element-1bbea5a elementor-widget elementor-widget-heading\" data-id=\"1bbea5a\" data-element_type=\"widget\" data-widget_type=\"heading.default\">\n\t\t\t\t<div class=\"elementor-widget-container\">\n\t\t\t<h2 class=\"elementor-heading-title elementor-size-default\">POLECANE<\/h2>\t\t<\/div>\n\t\t\t\t<\/div>\n\t\t\t\t\t<\/div>\n\t\t<\/div>\n\t\t\t\t\t\t\t<\/div>\n\t\t<\/section>\n\t\t\t\t<section class=\"elementor-section elementor-top-section elementor-element elementor-element-e45a3da elementor-section-boxed elementor-section-height-default elementor-section-height-default\" data-id=\"e45a3da\" data-element_type=\"section\">\n\t\t\t\t\t\t<div class=\"elementor-container elementor-column-gap-default\">\n\t\t\t\t\t<div class=\"elementor-column elementor-col-100 elementor-top-column elementor-element elementor-element-bfdbf96\" data-id=\"bfdbf96\" data-element_type=\"column\">\n\t\t\t<div class=\"elementor-widget-wrap elementor-element-populated\">\n\t\t\t\t\t\t\t\t<div class=\"elementor-element elementor-element-818de93 elementor-arrows-position-inside elementor-pagination-position-outside elementor-widget elementor-widget-image-carousel\" data-id=\"818de93\" data-element_type=\"widget\" data-settings=\"{&quot;slides_to_show&quot;:&quot;5&quot;,&quot;slides_to_scroll&quot;:&quot;2&quot;,&quot;navigation&quot;:&quot;both&quot;,&quot;autoplay&quot;:&quot;yes&quot;,&quot;pause_on_hover&quot;:&quot;yes&quot;,&quot;pause_on_interaction&quot;:&quot;yes&quot;,&quot;autoplay_speed&quot;:5000,&quot;infinite&quot;:&quot;yes&quot;,&quot;speed&quot;:500}\" data-widget_type=\"image-carousel.default\">\n\t\t\t\t<div class=\"elementor-widget-container\">\n\t\t\t<style>\/*! elementor - v3.5.5 - 03-02-2022 *\/\n.elementor-widget-image-carousel .swiper-container{position:static}.elementor-widget-image-carousel .swiper-container .swiper-slide figure{line-height:inherit}.elementor-widget-image-carousel .swiper-slide{text-align:center}.elementor-image-carousel-wrapper:not(.swiper-container-initialized) .swiper-slide{max-width:calc(100% \/ var(--e-image-carousel-slides-to-show, 3))}<\/style>\t\t<div class=\"elementor-image-carousel-wrapper swiper-container\" dir=\"ltr\">\n\t\t\t<div class=\"elementor-image-carousel swiper-wrapper\">\n\t\t\t\t\t\t\t\t<div class=\"swiper-slide\"><a data-elementor-open-lightbox=\"yes\" data-elementor-lightbox-slideshow=\"818de93\" data-elementor-lightbox-title=\"Berberis x media Dual Jewel\" href=\"https:\/\/wybicki.pl\/wp-content\/uploads\/2022\/02\/Berberis-x-media-Dual-Jewel-scaled.jpg\"><figure class=\"swiper-slide-inner\"><img class=\"swiper-slide-image\" src=\"https:\/\/wybicki.pl\/wp-content\/uploads\/2022\/02\/Berberis-x-media-Dual-Jewel-150x150.jpg\" alt=\"Berberis x media Dual Jewel\" \/><figcaption class=\"elementor-image-carousel-caption\">Berberis x media Dual Jewel<\/figcaption><\/figure><\/a><\/div><div class=\"swiper-slide\"><a data-elementor-open-lightbox=\"yes\" data-elementor-lightbox-slideshow=\"818de93\" data-elementor-lightbox-title=\"Buddleja davidii Pink Delight\" href=\"https:\/\/wybicki.pl\/wp-content\/uploads\/2022\/02\/Buddleja-davidii-Pink-Delight-scaled.jpg\"><figure class=\"swiper-slide-inner\"><img class=\"swiper-slide-image\" src=\"https:\/\/wybicki.pl\/wp-content\/uploads\/2022\/02\/Buddleja-davidii-Pink-Delight-150x150.jpg\" alt=\"Buddleja davidii Pink Delight\" \/><figcaption class=\"elementor-image-carousel-caption\">Buddleja davidii Pink Delight<\/figcaption><\/figure><\/a><\/div><div class=\"swiper-slide\"><a data-elementor-open-lightbox=\"yes\" data-elementor-lightbox-slideshow=\"818de93\" data-elementor-lightbox-title=\"Hydrangea paniculata Limelight\" href=\"https:\/\/wybicki.pl\/wp-content\/uploads\/2022\/02\/Hydrangea-paniculata-Limelight-scaled.jpg\"><figure class=\"swiper-slide-inner\"><img class=\"swiper-slide-image\" src=\"https:\/\/wybicki.pl\/wp-content\/uploads\/2022\/02\/Hydrangea-paniculata-Limelight-150x150.jpg\" alt=\"Hydrangea paniculata Limelight\" \/><figcaption class=\"elementor-image-carousel-caption\">Hydrangea paniculata Limelight<\/figcaption><\/figure><\/a><\/div><div class=\"swiper-slide\"><a data-elementor-open-lightbox=\"yes\" data-elementor-lightbox-slideshow=\"818de93\" data-elementor-lightbox-title=\"Hydrangea paniculata Pinky Winky\" href=\"https:\/\/wybicki.pl\/wp-content\/uploads\/2022\/02\/Hydrangea-paniculata-Pinky-Winky-scaled.jpg\"><figure class=\"swiper-slide-inner\"><img class=\"swiper-slide-image\" src=\"https:\/\/wybicki.pl\/wp-content\/uploads\/2022\/02\/Hydrangea-paniculata-Pinky-Winky-150x150.jpg\" alt=\"Hydrangea paniculata Pinky Winky\" \/><figcaption class=\"elementor-image-carousel-caption\">Hydrangea paniculata Pinky Winky<\/figcaption><\/figure><\/a><\/div><div class=\"swiper-slide\"><a data-elementor-open-lightbox=\"yes\" data-elementor-lightbox-slideshow=\"818de93\" data-elementor-lightbox-title=\"Hydrangea paniculata Vanilla Fraise\" href=\"https:\/\/wybicki.pl\/wp-content\/uploads\/2022\/02\/Hydrangea-paniculata-Vanilla-Fraise-scaled.jpg\"><figure class=\"swiper-slide-inner\"><img class=\"swiper-slide-image\" src=\"https:\/\/wybicki.pl\/wp-content\/uploads\/2022\/02\/Hydrangea-paniculata-Vanilla-Fraise-150x150.jpg\" alt=\"Hydrangea paniculata Vanilla Fraise\" \/><figcaption class=\"elementor-image-carousel-caption\">Hydrangea paniculata Vanilla Fraise<\/figcaption><\/figure><\/a><\/div><div class=\"swiper-slide\"><a data-elementor-open-lightbox=\"yes\" data-elementor-lightbox-slideshow=\"818de93\" data-elementor-lightbox-title=\"Rosa Pink Fairy\" href=\"https:\/\/wybicki.pl\/wp-content\/uploads\/2022\/02\/Rosa-Pink-Fairy-scaled.jpg\"><figure class=\"swiper-slide-inner\"><img class=\"swiper-slide-image\" src=\"https:\/\/wybicki.pl\/wp-content\/uploads\/2022\/02\/Rosa-Pink-Fairy-150x150.jpg\" alt=\"Rosa Pink Fairy\" \/><figcaption class=\"elementor-image-carousel-caption\">Rosa Pink Fairy<\/figcaption><\/figure><\/a><\/div><div class=\"swiper-slide\"><a data-elementor-open-lightbox=\"yes\" data-elementor-lightbox-slideshow=\"818de93\" data-elementor-lightbox-title=\"Rosa Sea Foam\" href=\"https:\/\/wybicki.pl\/wp-content\/uploads\/2022\/02\/Rosa-Sea-Foam-scaled.jpg\"><figure class=\"swiper-slide-inner\"><img class=\"swiper-slide-image\" src=\"https:\/\/wybicki.pl\/wp-content\/uploads\/2022\/02\/Rosa-Sea-Foam-150x150.jpg\" alt=\"Rosa Sea Foam\" \/><figcaption class=\"elementor-image-carousel-caption\">Rosa Sea Foam<\/figcaption><\/figure><\/a><\/div><div class=\"swiper-slide\"><a data-elementor-open-lightbox=\"yes\" data-elementor-lightbox-slideshow=\"818de93\" data-elementor-lightbox-title=\"Rosa The Fairy\" href=\"https:\/\/wybicki.pl\/wp-content\/uploads\/2022\/02\/Rosa-The-Fairy-scaled.jpg\"><figure class=\"swiper-slide-inner\"><img class=\"swiper-slide-image\" src=\"https:\/\/wybicki.pl\/wp-content\/uploads\/2022\/02\/Rosa-The-Fairy-150x150.jpg\" alt=\"Rosa The Fairy\" \/><figcaption class=\"elementor-image-carousel-caption\">Rosa The Fairy<\/figcaption><\/figure><\/a><\/div>\t\t\t<\/div>\n\t\t\t\t\t\t\t\t\t\t\t\t<div class=\"swiper-pagination\"><\/div>\n\t\t\t\t\t\t\t\t\t\t\t\t\t<div class=\"elementor-swiper-button elementor-swiper-button-prev\">\n\t\t\t\t\t\t<i aria-hidden=\"true\" class=\"eicon-chevron-left\"><\/i>\t\t\t\t\t\t<span class=\"elementor-screen-only\">Poprzednie<\/span>\n\t\t\t\t\t<\/div>\n\t\t\t\t\t<div class=\"elementor-swiper-button elementor-swiper-button-next\">\n\t\t\t\t\t\t<i aria-hidden=\"true\" class=\"eicon-chevron-right\"><\/i>\t\t\t\t\t\t<span class=\"elementor-screen-only\">Nast\u0119pne<\/span>\n\t\t\t\t\t<\/div>\n\t\t\t\t\t\t\t\t\t<\/div>\n\t\t\t\t<\/div>\n\t\t\t\t<\/div>\n\t\t\t\t\t<\/div>\n\t\t<\/div>\n\t\t\t\t\t\t\t<\/div>\n\t\t<\/section>\n\t\t\t\t\t\t<\/div>\n\t\t\t\t\t<\/div>\n\t\t","protected":false},"excerpt":{"rendered":"<p>AKTUALNO\u015aCI 03.03.2025 Oferta JESIE\u0143 2025 ju\u017c dost\u0119pna POLECANE Berberis x media Dual Jewel Buddleja davidii Pink Delight Hydrangea paniculata Limelight Hydrangea paniculata Pinky Winky Hydrangea paniculata Vanilla Fraise Rosa Pink Fairy Rosa Sea Foam Rosa The Fairy Poprzednie Nast\u0119pne<\/p>\n","protected":false},"author":1,"featured_media":0,"parent":0,"menu_order":0,"comment_status":"closed","ping_status":"closed","template":"elementor_header_footer","meta":{"ngg_post_thumbnail":0},"_links":{"self":[{"href":"https:\/\/wybicki.pl\/index.php\/wp-json\/wp\/v2\/pages\/158"}],"collection":[{"href":"https:\/\/wybicki.pl\/index.php\/wp-json\/wp\/v2\/pages"}],"about":[{"href":"https:\/\/wybicki.pl\/index.php\/wp-json\/wp\/v2\/types\/page"}],"author":[{"embeddable":true,"href":"https:\/\/wybicki.pl\/index.php\/wp-json\/wp\/v2\/users\/1"}],"replies":[{"embeddable":true,"href":"https:\/\/wybicki.pl\/index.php\/wp-json\/wp\/v2\/comments?post=158"}],"version-history":[{"count":43,"href":"https:\/\/wybicki.pl\/index.php\/wp-json\/wp\/v2\/pages\/158\/revisions"}],"predecessor-version":[{"id":2552,"href":"https:\/\/wybicki.pl\/index.php\/wp-json\/wp\/v2\/pages\/158\/revisions\/2552"}],"wp:attachment":[{"href":"https:\/\/wybicki.pl\/index.php\/wp-json\/wp\/v2\/media?parent=158"}],"curies":[{"name":"wp","href":"https:\/\/api.w.org\/{rel}","templated":true}]}}